{"id":204,"date":"2022-02-16T18:54:04","date_gmt":"2022-02-16T17:54:04","guid":{"rendered":"http:\/\/sabap-cz-kr.cultura.gov.it\/?page_id=204"},"modified":"2022-02-16T18:54:04","modified_gmt":"2022-02-16T17:54:04","slug":"santa-severina-kr-castello","status":"publish","type":"page","link":"https:\/\/sabap-cz-kr.cultura.gov.it\/?page_id=204","title":{"rendered":"Santa Severina (KR) &#8211; Castello"},"content":{"rendered":"<p>Il castello Carafa, una delle fortezze pi\u00f9 belle e meglio conservate della Calabria, la cui costruzione \u00e8 attribuita al re Roberto il Guiscardo, venne eretto su una preesistente fortificazione di et\u00e0 bizantina.<br \/>\nLa struttura dell\u2019imponente complesso \u00e8 costituita da un mastio centrale, molto robusto, a pianta quadrangolare con una spessa cinta muraria, avente quattro imponenti torri cilindriche in corrispondenza degli angoli ed altrettanti bastioni sporgenti sui lati.<br \/>\nDal XVI secolo in poi nella fortezza furono eseguiti importanti lavori di ristrutturazione, di ammodernamento degli spazi interni, per renderli pi\u00f9 confortevoli, e di abbellimento, attraverso la costruzione di volte a padiglione, dipinte e decorate.<br \/>\nAlcuni storici ipotizzano che l&#8217;area del castello rappresenti l&#8217;acropoli dell&#8217;antica citt\u00e0 di\u00a0<em>Siberene<\/em>.<br \/>\nOggi il castello ospita il museo di Santa Severina, ed il Centro Documentazione Studi Castelli e Fortificazioni Calabresi.<img loading=\"lazy\" decoding=\"async\" class=\"alignnone  wp-image-205\" src=\"https:\/\/sabap-cz-kr.cultura.gov.it\/wp-content\/uploads\/2022\/02\/19_Santa_severina_castello3.jpg\" alt=\"\" width=\"146\" height=\"51\" \/><\/p>\n","protected":false},"excerpt":{"rendered":"<p>Il castello Carafa, una delle fortezze pi\u00f9 belle e meglio conservate della Calabria, la cui costruzione \u00e8 attribuita al re Roberto il Guiscardo, venne eretto su una preesistente fortificazione di et\u00e0 bizantina.<\/p>\n","protected":false},"author":2,"featured_media":0,"parent":0,"menu_order":0,"comment_status":"closed","ping_status":"closed","template":"","meta":{"footnotes":""},"tags":[],"class_list":["post-204","page","type-page","status-publish","hentry"],"yoast_head":"<!-- This site is optimized with the Yoast SEO plugin v27.5 - https:\/\/yoast.com\/product\/yoast-seo-wordpress\/ -->\n<title>Santa Severina (KR) - Castello - Soprintendenza ABAP per le province di Catanzaro e Crotone<\/title>\n<meta name=\"robots\" content=\"index, follow, max-snippet:-1, max-image-preview:large, max-video-preview:-1\" \/>\n<link rel=\"canonical\" href=\"https:\/\/sabap-cz-kr.cultura.gov.it\/?page_id=204\" \/>\n<meta property=\"og:locale\" content=\"it_IT\" \/>\n<meta property=\"og:type\" content=\"article\" \/>\n<meta property=\"og:title\" content=\"Santa Severina (KR) - Castello - Soprintendenza ABAP per le province di Catanzaro e Crotone\" \/>\n<meta property=\"og:description\" content=\"Il castello Carafa, una delle fortezze pi\u00f9 belle e meglio conservate della Calabria, la cui costruzione \u00e8 attribuita al re Roberto il Guiscardo, venne eretto su una preesistente fortificazione di et\u00e0 bizantina.\" \/>\n<meta property=\"og:url\" content=\"https:\/\/sabap-cz-kr.cultura.gov.it\/?page_id=204\" \/>\n<meta property=\"og:site_name\" content=\"Soprintendenza ABAP per le province di Catanzaro e Crotone\" \/>\n<meta property=\"og:image\" content=\"http:\/\/sabap-cz-kr.cultura.gov.it\/wp-content\/uploads\/2022\/02\/19_Santa_severina_castello3.jpg\" \/>\n<meta name=\"twitter:card\" content=\"summary_large_image\" \/>\n<meta name=\"twitter:label1\" content=\"Tempo di lettura stimato\" \/>\n\t<meta name=\"twitter:data1\" content=\"1 minuto\" \/>\n<script type=\"application\/ld+json\" class=\"yoast-schema-graph\">{\"@context\":\"https:\\\/\\\/schema.org\",\"@graph\":[{\"@type\":\"WebPage\",\"@id\":\"https:\\\/\\\/sabap-cz-kr.cultura.gov.it\\\/?page_id=204\",\"url\":\"https:\\\/\\\/sabap-cz-kr.cultura.gov.it\\\/?page_id=204\",\"name\":\"Santa Severina (KR) - Castello - Soprintendenza ABAP per le province di Catanzaro e Crotone\",\"isPartOf\":{\"@id\":\"https:\\\/\\\/sabap-cz-kr.cultura.gov.it\\\/#website\"},\"primaryImageOfPage\":{\"@id\":\"https:\\\/\\\/sabap-cz-kr.cultura.gov.it\\\/?page_id=204#primaryimage\"},\"image\":{\"@id\":\"https:\\\/\\\/sabap-cz-kr.cultura.gov.it\\\/?page_id=204#primaryimage\"},\"thumbnailUrl\":\"http:\\\/\\\/sabap-cz-kr.cultura.gov.it\\\/wp-content\\\/uploads\\\/2022\\\/02\\\/19_Santa_severina_castello3.jpg\",\"datePublished\":\"2022-02-16T17:54:04+00:00\",\"breadcrumb\":{\"@id\":\"https:\\\/\\\/sabap-cz-kr.cultura.gov.it\\\/?page_id=204#breadcrumb\"},\"inLanguage\":\"it-IT\",\"potentialAction\":[{\"@type\":\"ReadAction\",\"target\":[\"https:\\\/\\\/sabap-cz-kr.cultura.gov.it\\\/?page_id=204\"]}]},{\"@type\":\"ImageObject\",\"inLanguage\":\"it-IT\",\"@id\":\"https:\\\/\\\/sabap-cz-kr.cultura.gov.it\\\/?page_id=204#primaryimage\",\"url\":\"http:\\\/\\\/sabap-cz-kr.cultura.gov.it\\\/wp-content\\\/uploads\\\/2022\\\/02\\\/19_Santa_severina_castello3.jpg\",\"contentUrl\":\"http:\\\/\\\/sabap-cz-kr.cultura.gov.it\\\/wp-content\\\/uploads\\\/2022\\\/02\\\/19_Santa_severina_castello3.jpg\"},{\"@type\":\"BreadcrumbList\",\"@id\":\"https:\\\/\\\/sabap-cz-kr.cultura.gov.it\\\/?page_id=204#breadcrumb\",\"itemListElement\":[{\"@type\":\"ListItem\",\"position\":1,\"name\":\"Home\",\"item\":\"https:\\\/\\\/sabap-cz-kr.cultura.gov.it\\\/\"},{\"@type\":\"ListItem\",\"position\":2,\"name\":\"Santa Severina (KR) &#8211; Castello\"}]},{\"@type\":\"WebSite\",\"@id\":\"https:\\\/\\\/sabap-cz-kr.cultura.gov.it\\\/#website\",\"url\":\"https:\\\/\\\/sabap-cz-kr.cultura.gov.it\\\/\",\"name\":\"Soprintendenza ABAP per le province di Catanzaro e Crotone\",\"description\":\"\",\"publisher\":{\"@id\":\"https:\\\/\\\/sabap-cz-kr.cultura.gov.it\\\/#organization\"},\"potentialAction\":[{\"@type\":\"SearchAction\",\"target\":{\"@type\":\"EntryPoint\",\"urlTemplate\":\"https:\\\/\\\/sabap-cz-kr.cultura.gov.it\\\/?s={search_term_string}\"},\"query-input\":{\"@type\":\"PropertyValueSpecification\",\"valueRequired\":true,\"valueName\":\"search_term_string\"}}],\"inLanguage\":\"it-IT\"},{\"@type\":\"Organization\",\"@id\":\"https:\\\/\\\/sabap-cz-kr.cultura.gov.it\\\/#organization\",\"name\":\"Soprintendenza ABAP per le province di Catanzaro e Crotone\",\"url\":\"https:\\\/\\\/sabap-cz-kr.cultura.gov.it\\\/\",\"logo\":{\"@type\":\"ImageObject\",\"inLanguage\":\"it-IT\",\"@id\":\"https:\\\/\\\/sabap-cz-kr.cultura.gov.it\\\/#\\\/schema\\\/logo\\\/image\\\/\",\"url\":\"https:\\\/\\\/sabap-cz-kr.cultura.gov.it\\\/wp-content\\\/uploads\\\/2024\\\/05\\\/logo_mic.png\",\"contentUrl\":\"https:\\\/\\\/sabap-cz-kr.cultura.gov.it\\\/wp-content\\\/uploads\\\/2024\\\/05\\\/logo_mic.png\",\"width\":1080,\"height\":1080,\"caption\":\"Soprintendenza ABAP per le province di Catanzaro e Crotone\"},\"image\":{\"@id\":\"https:\\\/\\\/sabap-cz-kr.cultura.gov.it\\\/#\\\/schema\\\/logo\\\/image\\\/\"}}]}<\/script>\n<!-- \/ Yoast SEO plugin. -->","yoast_head_json":{"title":"Santa Severina (KR) - Castello - Soprintendenza ABAP per le province di Catanzaro e Crotone","robots":{"index":"index","follow":"follow","max-snippet":"max-snippet:-1","max-image-preview":"max-image-preview:large","max-video-preview":"max-video-preview:-1"},"canonical":"https:\/\/sabap-cz-kr.cultura.gov.it\/?page_id=204","og_locale":"it_IT","og_type":"article","og_title":"Santa Severina (KR) - Castello - Soprintendenza ABAP per le province di Catanzaro e Crotone","og_description":"Il castello Carafa, una delle fortezze pi\u00f9 belle e meglio conservate della Calabria, la cui costruzione \u00e8 attribuita al re Roberto il Guiscardo, venne eretto su una preesistente fortificazione di et\u00e0 bizantina.","og_url":"https:\/\/sabap-cz-kr.cultura.gov.it\/?page_id=204","og_site_name":"Soprintendenza ABAP per le province di Catanzaro e Crotone","og_image":[{"url":"http:\/\/sabap-cz-kr.cultura.gov.it\/wp-content\/uploads\/2022\/02\/19_Santa_severina_castello3.jpg","type":"","width":"","height":""}],"twitter_card":"summary_large_image","twitter_misc":{"Tempo di lettura stimato":"1 minuto"},"schema":{"@context":"https:\/\/schema.org","@graph":[{"@type":"WebPage","@id":"https:\/\/sabap-cz-kr.cultura.gov.it\/?page_id=204","url":"https:\/\/sabap-cz-kr.cultura.gov.it\/?page_id=204","name":"Santa Severina (KR) - Castello - Soprintendenza ABAP per le province di Catanzaro e Crotone","isPartOf":{"@id":"https:\/\/sabap-cz-kr.cultura.gov.it\/#website"},"primaryImageOfPage":{"@id":"https:\/\/sabap-cz-kr.cultura.gov.it\/?page_id=204#primaryimage"},"image":{"@id":"https:\/\/sabap-cz-kr.cultura.gov.it\/?page_id=204#primaryimage"},"thumbnailUrl":"http:\/\/sabap-cz-kr.cultura.gov.it\/wp-content\/uploads\/2022\/02\/19_Santa_severina_castello3.jpg","datePublished":"2022-02-16T17:54:04+00:00","breadcrumb":{"@id":"https:\/\/sabap-cz-kr.cultura.gov.it\/?page_id=204#breadcrumb"},"inLanguage":"it-IT","potentialAction":[{"@type":"ReadAction","target":["https:\/\/sabap-cz-kr.cultura.gov.it\/?page_id=204"]}]},{"@type":"ImageObject","inLanguage":"it-IT","@id":"https:\/\/sabap-cz-kr.cultura.gov.it\/?page_id=204#primaryimage","url":"http:\/\/sabap-cz-kr.cultura.gov.it\/wp-content\/uploads\/2022\/02\/19_Santa_severina_castello3.jpg","contentUrl":"http:\/\/sabap-cz-kr.cultura.gov.it\/wp-content\/uploads\/2022\/02\/19_Santa_severina_castello3.jpg"},{"@type":"BreadcrumbList","@id":"https:\/\/sabap-cz-kr.cultura.gov.it\/?page_id=204#breadcrumb","itemListElement":[{"@type":"ListItem","position":1,"name":"Home","item":"https:\/\/sabap-cz-kr.cultura.gov.it\/"},{"@type":"ListItem","position":2,"name":"Santa Severina (KR) &#8211; Castello"}]},{"@type":"WebSite","@id":"https:\/\/sabap-cz-kr.cultura.gov.it\/#website","url":"https:\/\/sabap-cz-kr.cultura.gov.it\/","name":"Soprintendenza ABAP per le province di Catanzaro e Crotone","description":"","publisher":{"@id":"https:\/\/sabap-cz-kr.cultura.gov.it\/#organization"},"potentialAction":[{"@type":"SearchAction","target":{"@type":"EntryPoint","urlTemplate":"https:\/\/sabap-cz-kr.cultura.gov.it\/?s={search_term_string}"},"query-input":{"@type":"PropertyValueSpecification","valueRequired":true,"valueName":"search_term_string"}}],"inLanguage":"it-IT"},{"@type":"Organization","@id":"https:\/\/sabap-cz-kr.cultura.gov.it\/#organization","name":"Soprintendenza ABAP per le province di Catanzaro e Crotone","url":"https:\/\/sabap-cz-kr.cultura.gov.it\/","logo":{"@type":"ImageObject","inLanguage":"it-IT","@id":"https:\/\/sabap-cz-kr.cultura.gov.it\/#\/schema\/logo\/image\/","url":"https:\/\/sabap-cz-kr.cultura.gov.it\/wp-content\/uploads\/2024\/05\/logo_mic.png","contentUrl":"https:\/\/sabap-cz-kr.cultura.gov.it\/wp-content\/uploads\/2024\/05\/logo_mic.png","width":1080,"height":1080,"caption":"Soprintendenza ABAP per le province di Catanzaro e Crotone"},"image":{"@id":"https:\/\/sabap-cz-kr.cultura.gov.it\/#\/schema\/logo\/image\/"}}]}},"_links":{"self":[{"href":"https:\/\/sabap-cz-kr.cultura.gov.it\/index.php?rest_route=\/wp\/v2\/pages\/204","targetHints":{"allow":["GET"]}}],"collection":[{"href":"https:\/\/sabap-cz-kr.cultura.gov.it\/index.php?rest_route=\/wp\/v2\/pages"}],"about":[{"href":"https:\/\/sabap-cz-kr.cultura.gov.it\/index.php?rest_route=\/wp\/v2\/types\/page"}],"author":[{"embeddable":true,"href":"https:\/\/sabap-cz-kr.cultura.gov.it\/index.php?rest_route=\/wp\/v2\/users\/2"}],"replies":[{"embeddable":true,"href":"https:\/\/sabap-cz-kr.cultura.gov.it\/index.php?rest_route=%2Fwp%2Fv2%2Fcomments&post=204"}],"version-history":[{"count":1,"href":"https:\/\/sabap-cz-kr.cultura.gov.it\/index.php?rest_route=\/wp\/v2\/pages\/204\/revisions"}],"predecessor-version":[{"id":206,"href":"https:\/\/sabap-cz-kr.cultura.gov.it\/index.php?rest_route=\/wp\/v2\/pages\/204\/revisions\/206"}],"wp:attachment":[{"href":"https:\/\/sabap-cz-kr.cultura.gov.it\/index.php?rest_route=%2Fwp%2Fv2%2Fmedia&parent=204"}],"wp:term":[{"taxonomy":"post_tag","embeddable":true,"href":"https:\/\/sabap-cz-kr.cultura.gov.it\/index.php?rest_route=%2Fwp%2Fv2%2Ftags&post=204"}],"curies":[{"name":"wp","href":"https:\/\/api.w.org\/{rel}","templated":true}]}}