{"id":211,"date":"2022-02-16T18:57:02","date_gmt":"2022-02-16T17:57:02","guid":{"rendered":"http:\/\/sabap-cz-kr.cultura.gov.it\/?page_id=211"},"modified":"2022-02-16T18:57:02","modified_gmt":"2022-02-16T17:57:02","slug":"crotone-castello-carlo-v","status":"publish","type":"page","link":"https:\/\/sabap-cz-kr.cultura.gov.it\/?page_id=211","title":{"rendered":"Crotone &#8211; Castello Carlo V"},"content":{"rendered":"<p>Il castello di Carlo V \u00e8 una costruzione massiccia, con due torrioni dai barbacani ogivali che lo rendono ancora pi\u00f9 imponente. La prima edificazione, probabilmente ad opera dei Bizantini, risale al IX secolo. Fu poi fortificato e rimaneggiato in et\u00e0 normanna, sveva ed angioina. La pianta era di forma pentagonale, e presentava cinque torri sui vertici del perimetro. In et\u00e0 aragonese l&#8217;imperatore Carlo V ne modific\u00f2 sostanzialmente la struttura architettonica, trasformando il maniero in una fortezza militare tra le pi\u00f9 possenti in Italia. All&#8217;interno del nuovo impianto quadrato fu inglobata parte dell&#8217;antico castello e furono inseriti tre torrioni angolari in bastioni pentagonali. L&#8217;accesso alla porta principale della fortezza, inserita in una torre piramidale, era garantito da un ponte levatoio che sovrastava un fossato.<br \/>\nNel corso del XIX secolo il manufatto venne parzialmente smantellato nella parte superiore, anche a causa dei danni subiti per i frequenti terremoti.<\/p>\n<p><img loading=\"lazy\" decoding=\"async\" class=\"alignnone  wp-image-212\" src=\"https:\/\/sabap-cz-kr.cultura.gov.it\/wp-content\/uploads\/2022\/02\/19_Crotone_Castelllo_CarloV1.jpeg\" alt=\"\" width=\"100\" height=\"75\" \/><\/p>\n","protected":false},"excerpt":{"rendered":"<p>Il castello di Carlo V \u00e8 una costruzione massiccia, con due torrioni dai barbacani ogivali che lo rendono ancora pi\u00f9 imponente.<\/p>\n","protected":false},"author":2,"featured_media":0,"parent":0,"menu_order":0,"comment_status":"closed","ping_status":"closed","template":"","meta":{"footnotes":""},"tags":[],"class_list":["post-211","page","type-page","status-publish","hentry"],"yoast_head":"<!-- This site is optimized with the Yoast SEO plugin v27.5 - https:\/\/yoast.com\/product\/yoast-seo-wordpress\/ -->\n<title>Crotone - Castello Carlo V - Soprintendenza ABAP per le province di Catanzaro e Crotone<\/title>\n<meta name=\"robots\" content=\"index, follow, max-snippet:-1, max-image-preview:large, max-video-preview:-1\" \/>\n<link rel=\"canonical\" href=\"https:\/\/sabap-cz-kr.cultura.gov.it\/?page_id=211\" \/>\n<meta property=\"og:locale\" content=\"it_IT\" \/>\n<meta property=\"og:type\" content=\"article\" \/>\n<meta property=\"og:title\" content=\"Crotone - Castello Carlo V - Soprintendenza ABAP per le province di Catanzaro e Crotone\" \/>\n<meta property=\"og:description\" content=\"Il castello di Carlo V \u00e8 una costruzione massiccia, con due torrioni dai barbacani ogivali che lo rendono ancora pi\u00f9 imponente.\" \/>\n<meta property=\"og:url\" content=\"https:\/\/sabap-cz-kr.cultura.gov.it\/?page_id=211\" \/>\n<meta property=\"og:site_name\" content=\"Soprintendenza ABAP per le province di Catanzaro e Crotone\" \/>\n<meta property=\"og:image\" content=\"http:\/\/sabap-cz-kr.cultura.gov.it\/wp-content\/uploads\/2022\/02\/19_Crotone_Castelllo_CarloV1.jpeg\" \/>\n<meta name=\"twitter:card\" content=\"summary_large_image\" \/>\n<meta name=\"twitter:label1\" content=\"Tempo di lettura stimato\" \/>\n\t<meta name=\"twitter:data1\" content=\"1 minuto\" \/>\n<script type=\"application\/ld+json\" class=\"yoast-schema-graph\">{\"@context\":\"https:\\\/\\\/schema.org\",\"@graph\":[{\"@type\":\"WebPage\",\"@id\":\"https:\\\/\\\/sabap-cz-kr.cultura.gov.it\\\/?page_id=211\",\"url\":\"https:\\\/\\\/sabap-cz-kr.cultura.gov.it\\\/?page_id=211\",\"name\":\"Crotone - Castello Carlo V - Soprintendenza ABAP per le province di Catanzaro e Crotone\",\"isPartOf\":{\"@id\":\"https:\\\/\\\/sabap-cz-kr.cultura.gov.it\\\/#website\"},\"primaryImageOfPage\":{\"@id\":\"https:\\\/\\\/sabap-cz-kr.cultura.gov.it\\\/?page_id=211#primaryimage\"},\"image\":{\"@id\":\"https:\\\/\\\/sabap-cz-kr.cultura.gov.it\\\/?page_id=211#primaryimage\"},\"thumbnailUrl\":\"http:\\\/\\\/sabap-cz-kr.cultura.gov.it\\\/wp-content\\\/uploads\\\/2022\\\/02\\\/19_Crotone_Castelllo_CarloV1.jpeg\",\"datePublished\":\"2022-02-16T17:57:02+00:00\",\"breadcrumb\":{\"@id\":\"https:\\\/\\\/sabap-cz-kr.cultura.gov.it\\\/?page_id=211#breadcrumb\"},\"inLanguage\":\"it-IT\",\"potentialAction\":[{\"@type\":\"ReadAction\",\"target\":[\"https:\\\/\\\/sabap-cz-kr.cultura.gov.it\\\/?page_id=211\"]}]},{\"@type\":\"ImageObject\",\"inLanguage\":\"it-IT\",\"@id\":\"https:\\\/\\\/sabap-cz-kr.cultura.gov.it\\\/?page_id=211#primaryimage\",\"url\":\"http:\\\/\\\/sabap-cz-kr.cultura.gov.it\\\/wp-content\\\/uploads\\\/2022\\\/02\\\/19_Crotone_Castelllo_CarloV1.jpeg\",\"contentUrl\":\"http:\\\/\\\/sabap-cz-kr.cultura.gov.it\\\/wp-content\\\/uploads\\\/2022\\\/02\\\/19_Crotone_Castelllo_CarloV1.jpeg\"},{\"@type\":\"BreadcrumbList\",\"@id\":\"https:\\\/\\\/sabap-cz-kr.cultura.gov.it\\\/?page_id=211#breadcrumb\",\"itemListElement\":[{\"@type\":\"ListItem\",\"position\":1,\"name\":\"Home\",\"item\":\"https:\\\/\\\/sabap-cz-kr.cultura.gov.it\\\/\"},{\"@type\":\"ListItem\",\"position\":2,\"name\":\"Crotone &#8211; Castello Carlo V\"}]},{\"@type\":\"WebSite\",\"@id\":\"https:\\\/\\\/sabap-cz-kr.cultura.gov.it\\\/#website\",\"url\":\"https:\\\/\\\/sabap-cz-kr.cultura.gov.it\\\/\",\"name\":\"Soprintendenza ABAP per le province di Catanzaro e Crotone\",\"description\":\"\",\"publisher\":{\"@id\":\"https:\\\/\\\/sabap-cz-kr.cultura.gov.it\\\/#organization\"},\"potentialAction\":[{\"@type\":\"SearchAction\",\"target\":{\"@type\":\"EntryPoint\",\"urlTemplate\":\"https:\\\/\\\/sabap-cz-kr.cultura.gov.it\\\/?s={search_term_string}\"},\"query-input\":{\"@type\":\"PropertyValueSpecification\",\"valueRequired\":true,\"valueName\":\"search_term_string\"}}],\"inLanguage\":\"it-IT\"},{\"@type\":\"Organization\",\"@id\":\"https:\\\/\\\/sabap-cz-kr.cultura.gov.it\\\/#organization\",\"name\":\"Soprintendenza ABAP per le province di Catanzaro e Crotone\",\"url\":\"https:\\\/\\\/sabap-cz-kr.cultura.gov.it\\\/\",\"logo\":{\"@type\":\"ImageObject\",\"inLanguage\":\"it-IT\",\"@id\":\"https:\\\/\\\/sabap-cz-kr.cultura.gov.it\\\/#\\\/schema\\\/logo\\\/image\\\/\",\"url\":\"https:\\\/\\\/sabap-cz-kr.cultura.gov.it\\\/wp-content\\\/uploads\\\/2024\\\/05\\\/logo_mic.png\",\"contentUrl\":\"https:\\\/\\\/sabap-cz-kr.cultura.gov.it\\\/wp-content\\\/uploads\\\/2024\\\/05\\\/logo_mic.png\",\"width\":1080,\"height\":1080,\"caption\":\"Soprintendenza ABAP per le province di Catanzaro e Crotone\"},\"image\":{\"@id\":\"https:\\\/\\\/sabap-cz-kr.cultura.gov.it\\\/#\\\/schema\\\/logo\\\/image\\\/\"}}]}<\/script>\n<!-- \/ Yoast SEO plugin. -->","yoast_head_json":{"title":"Crotone - Castello Carlo V - Soprintendenza ABAP per le province di Catanzaro e Crotone","robots":{"index":"index","follow":"follow","max-snippet":"max-snippet:-1","max-image-preview":"max-image-preview:large","max-video-preview":"max-video-preview:-1"},"canonical":"https:\/\/sabap-cz-kr.cultura.gov.it\/?page_id=211","og_locale":"it_IT","og_type":"article","og_title":"Crotone - Castello Carlo V - Soprintendenza ABAP per le province di Catanzaro e Crotone","og_description":"Il castello di Carlo V \u00e8 una costruzione massiccia, con due torrioni dai barbacani ogivali che lo rendono ancora pi\u00f9 imponente.","og_url":"https:\/\/sabap-cz-kr.cultura.gov.it\/?page_id=211","og_site_name":"Soprintendenza ABAP per le province di Catanzaro e Crotone","og_image":[{"url":"http:\/\/sabap-cz-kr.cultura.gov.it\/wp-content\/uploads\/2022\/02\/19_Crotone_Castelllo_CarloV1.jpeg","type":"","width":"","height":""}],"twitter_card":"summary_large_image","twitter_misc":{"Tempo di lettura stimato":"1 minuto"},"schema":{"@context":"https:\/\/schema.org","@graph":[{"@type":"WebPage","@id":"https:\/\/sabap-cz-kr.cultura.gov.it\/?page_id=211","url":"https:\/\/sabap-cz-kr.cultura.gov.it\/?page_id=211","name":"Crotone - Castello Carlo V - Soprintendenza ABAP per le province di Catanzaro e Crotone","isPartOf":{"@id":"https:\/\/sabap-cz-kr.cultura.gov.it\/#website"},"primaryImageOfPage":{"@id":"https:\/\/sabap-cz-kr.cultura.gov.it\/?page_id=211#primaryimage"},"image":{"@id":"https:\/\/sabap-cz-kr.cultura.gov.it\/?page_id=211#primaryimage"},"thumbnailUrl":"http:\/\/sabap-cz-kr.cultura.gov.it\/wp-content\/uploads\/2022\/02\/19_Crotone_Castelllo_CarloV1.jpeg","datePublished":"2022-02-16T17:57:02+00:00","breadcrumb":{"@id":"https:\/\/sabap-cz-kr.cultura.gov.it\/?page_id=211#breadcrumb"},"inLanguage":"it-IT","potentialAction":[{"@type":"ReadAction","target":["https:\/\/sabap-cz-kr.cultura.gov.it\/?page_id=211"]}]},{"@type":"ImageObject","inLanguage":"it-IT","@id":"https:\/\/sabap-cz-kr.cultura.gov.it\/?page_id=211#primaryimage","url":"http:\/\/sabap-cz-kr.cultura.gov.it\/wp-content\/uploads\/2022\/02\/19_Crotone_Castelllo_CarloV1.jpeg","contentUrl":"http:\/\/sabap-cz-kr.cultura.gov.it\/wp-content\/uploads\/2022\/02\/19_Crotone_Castelllo_CarloV1.jpeg"},{"@type":"BreadcrumbList","@id":"https:\/\/sabap-cz-kr.cultura.gov.it\/?page_id=211#breadcrumb","itemListElement":[{"@type":"ListItem","position":1,"name":"Home","item":"https:\/\/sabap-cz-kr.cultura.gov.it\/"},{"@type":"ListItem","position":2,"name":"Crotone &#8211; Castello Carlo V"}]},{"@type":"WebSite","@id":"https:\/\/sabap-cz-kr.cultura.gov.it\/#website","url":"https:\/\/sabap-cz-kr.cultura.gov.it\/","name":"Soprintendenza ABAP per le province di Catanzaro e Crotone","description":"","publisher":{"@id":"https:\/\/sabap-cz-kr.cultura.gov.it\/#organization"},"potentialAction":[{"@type":"SearchAction","target":{"@type":"EntryPoint","urlTemplate":"https:\/\/sabap-cz-kr.cultura.gov.it\/?s={search_term_string}"},"query-input":{"@type":"PropertyValueSpecification","valueRequired":true,"valueName":"search_term_string"}}],"inLanguage":"it-IT"},{"@type":"Organization","@id":"https:\/\/sabap-cz-kr.cultura.gov.it\/#organization","name":"Soprintendenza ABAP per le province di Catanzaro e Crotone","url":"https:\/\/sabap-cz-kr.cultura.gov.it\/","logo":{"@type":"ImageObject","inLanguage":"it-IT","@id":"https:\/\/sabap-cz-kr.cultura.gov.it\/#\/schema\/logo\/image\/","url":"https:\/\/sabap-cz-kr.cultura.gov.it\/wp-content\/uploads\/2024\/05\/logo_mic.png","contentUrl":"https:\/\/sabap-cz-kr.cultura.gov.it\/wp-content\/uploads\/2024\/05\/logo_mic.png","width":1080,"height":1080,"caption":"Soprintendenza ABAP per le province di Catanzaro e Crotone"},"image":{"@id":"https:\/\/sabap-cz-kr.cultura.gov.it\/#\/schema\/logo\/image\/"}}]}},"_links":{"self":[{"href":"https:\/\/sabap-cz-kr.cultura.gov.it\/index.php?rest_route=\/wp\/v2\/pages\/211","targetHints":{"allow":["GET"]}}],"collection":[{"href":"https:\/\/sabap-cz-kr.cultura.gov.it\/index.php?rest_route=\/wp\/v2\/pages"}],"about":[{"href":"https:\/\/sabap-cz-kr.cultura.gov.it\/index.php?rest_route=\/wp\/v2\/types\/page"}],"author":[{"embeddable":true,"href":"https:\/\/sabap-cz-kr.cultura.gov.it\/index.php?rest_route=\/wp\/v2\/users\/2"}],"replies":[{"embeddable":true,"href":"https:\/\/sabap-cz-kr.cultura.gov.it\/index.php?rest_route=%2Fwp%2Fv2%2Fcomments&post=211"}],"version-history":[{"count":1,"href":"https:\/\/sabap-cz-kr.cultura.gov.it\/index.php?rest_route=\/wp\/v2\/pages\/211\/revisions"}],"predecessor-version":[{"id":213,"href":"https:\/\/sabap-cz-kr.cultura.gov.it\/index.php?rest_route=\/wp\/v2\/pages\/211\/revisions\/213"}],"wp:attachment":[{"href":"https:\/\/sabap-cz-kr.cultura.gov.it\/index.php?rest_route=%2Fwp%2Fv2%2Fmedia&parent=211"}],"wp:term":[{"taxonomy":"post_tag","embeddable":true,"href":"https:\/\/sabap-cz-kr.cultura.gov.it\/index.php?rest_route=%2Fwp%2Fv2%2Ftags&post=211"}],"curies":[{"name":"wp","href":"https:\/\/api.w.org\/{rel}","templated":true}]}}