{"id":288,"date":"2022-02-16T19:32:28","date_gmt":"2022-02-16T18:32:28","guid":{"rendered":"http:\/\/sabap-cz-kr.cultura.gov.it\/?page_id=288"},"modified":"2024-07-09T15:33:30","modified_gmt":"2024-07-09T13:33:30","slug":"contatti","status":"publish","type":"page","link":"https:\/\/sabap-cz-kr.cultura.gov.it\/?page_id=288","title":{"rendered":"Contatti"},"content":{"rendered":"<p><strong>Telefono<\/strong>: <a title=\"Telefono\" href=\"tel:+390961794348\">(+39) 0961\/794348<\/a><\/p>\n<p><strong>PEC<\/strong>: <a title=\"Posta Elettronica Certificata\" href=\"mailto:mbac-sabap-cz-kr@mailcert.beniculturali.it\">sabap-cz-kr@pec.cultura.gov.it<\/a><br \/>\n<strong>PEO<\/strong>: <a title=\"Email\" href=\"mailto:sabap-cz-kr@beniculturali.it\">sabap-cz-kr@cultura.gov.it<\/a><\/p>\n<p>Eventuali criticit\u00e0 riscontrate nel sito di cui l\u2019amministrazione \u00e8 titolare, in termini di conformit\u00e0 ai principi di accessibilit\u00e0, o per avere un riscontro sulle informazioni inaccessibili e\/o per richiedere un adeguamento dei sistemi informatici a disposizione pu\u00f2 essere inoltrata apposita segnalazione direttamente a questa Amministrazione (<em>come previsto dalla Legge 9 gennaio 2004, n. 4 aggiornata dal Decreto Legislativo 10 agosto 2018, n. 106, articolo 3-quater comma 2 lettera b<\/em>) all\u2019indirizzo mail: <a title=\"Email\" href=\"mailto:sabap-cz-kr@beniculturali.it\">sabap-cz-kr@cultura.gov.it<\/a>.<\/p>\n","protected":false},"excerpt":{"rendered":"<p>Telefono: (+39) 0961\/794348 PEC: sabap-cz-kr@pec.cultura.<\/p>\n","protected":false},"author":2,"featured_media":0,"parent":0,"menu_order":0,"comment_status":"closed","ping_status":"closed","template":"","meta":{"footnotes":""},"tags":[],"class_list":["post-288","page","type-page","status-publish","hentry"],"yoast_head":"<!-- This site is optimized with the Yoast SEO plugin v27.5 - https:\/\/yoast.com\/product\/yoast-seo-wordpress\/ -->\n<title>Contatti - Soprintendenza ABAP per le province di Catanzaro e Crotone<\/title>\n<meta name=\"robots\" content=\"index, follow, max-snippet:-1, max-image-preview:large, max-video-preview:-1\" \/>\n<link rel=\"canonical\" href=\"https:\/\/sabap-cz-kr.cultura.gov.it\/?page_id=288\" \/>\n<meta property=\"og:locale\" content=\"it_IT\" \/>\n<meta property=\"og:type\" content=\"article\" \/>\n<meta property=\"og:title\" content=\"Contatti - Soprintendenza ABAP per le province di Catanzaro e Crotone\" \/>\n<meta property=\"og:description\" content=\"Telefono: (+39) 0961\/794348 PEC: sabap-cz-kr@pec.cultura.\" \/>\n<meta property=\"og:url\" content=\"https:\/\/sabap-cz-kr.cultura.gov.it\/?page_id=288\" \/>\n<meta property=\"og:site_name\" content=\"Soprintendenza ABAP per le province di Catanzaro e Crotone\" \/>\n<meta property=\"article:modified_time\" content=\"2024-07-09T13:33:30+00:00\" \/>\n<meta name=\"twitter:card\" content=\"summary_large_image\" \/>\n<meta name=\"twitter:label1\" content=\"Tempo di lettura stimato\" \/>\n\t<meta name=\"twitter:data1\" content=\"1 minuto\" \/>\n<script type=\"application\/ld+json\" class=\"yoast-schema-graph\">{\"@context\":\"https:\\\/\\\/schema.org\",\"@graph\":[{\"@type\":\"WebPage\",\"@id\":\"https:\\\/\\\/sabap-cz-kr.cultura.gov.it\\\/?page_id=288\",\"url\":\"https:\\\/\\\/sabap-cz-kr.cultura.gov.it\\\/?page_id=288\",\"name\":\"Contatti - Soprintendenza ABAP per le province di Catanzaro e Crotone\",\"isPartOf\":{\"@id\":\"https:\\\/\\\/sabap-cz-kr.cultura.gov.it\\\/#website\"},\"datePublished\":\"2022-02-16T18:32:28+00:00\",\"dateModified\":\"2024-07-09T13:33:30+00:00\",\"breadcrumb\":{\"@id\":\"https:\\\/\\\/sabap-cz-kr.cultura.gov.it\\\/?page_id=288#breadcrumb\"},\"inLanguage\":\"it-IT\",\"potentialAction\":[{\"@type\":\"ReadAction\",\"target\":[\"https:\\\/\\\/sabap-cz-kr.cultura.gov.it\\\/?page_id=288\"]}]},{\"@type\":\"BreadcrumbList\",\"@id\":\"https:\\\/\\\/sabap-cz-kr.cultura.gov.it\\\/?page_id=288#breadcrumb\",\"itemListElement\":[{\"@type\":\"ListItem\",\"position\":1,\"name\":\"Home\",\"item\":\"https:\\\/\\\/sabap-cz-kr.cultura.gov.it\\\/\"},{\"@type\":\"ListItem\",\"position\":2,\"name\":\"Contatti\"}]},{\"@type\":\"WebSite\",\"@id\":\"https:\\\/\\\/sabap-cz-kr.cultura.gov.it\\\/#website\",\"url\":\"https:\\\/\\\/sabap-cz-kr.cultura.gov.it\\\/\",\"name\":\"Soprintendenza ABAP per le province di Catanzaro e Crotone\",\"description\":\"\",\"publisher\":{\"@id\":\"https:\\\/\\\/sabap-cz-kr.cultura.gov.it\\\/#organization\"},\"potentialAction\":[{\"@type\":\"SearchAction\",\"target\":{\"@type\":\"EntryPoint\",\"urlTemplate\":\"https:\\\/\\\/sabap-cz-kr.cultura.gov.it\\\/?s={search_term_string}\"},\"query-input\":{\"@type\":\"PropertyValueSpecification\",\"valueRequired\":true,\"valueName\":\"search_term_string\"}}],\"inLanguage\":\"it-IT\"},{\"@type\":\"Organization\",\"@id\":\"https:\\\/\\\/sabap-cz-kr.cultura.gov.it\\\/#organization\",\"name\":\"Soprintendenza ABAP per le province di Catanzaro e Crotone\",\"url\":\"https:\\\/\\\/sabap-cz-kr.cultura.gov.it\\\/\",\"logo\":{\"@type\":\"ImageObject\",\"inLanguage\":\"it-IT\",\"@id\":\"https:\\\/\\\/sabap-cz-kr.cultura.gov.it\\\/#\\\/schema\\\/logo\\\/image\\\/\",\"url\":\"https:\\\/\\\/sabap-cz-kr.cultura.gov.it\\\/wp-content\\\/uploads\\\/2024\\\/05\\\/logo_mic.png\",\"contentUrl\":\"https:\\\/\\\/sabap-cz-kr.cultura.gov.it\\\/wp-content\\\/uploads\\\/2024\\\/05\\\/logo_mic.png\",\"width\":1080,\"height\":1080,\"caption\":\"Soprintendenza ABAP per le province di Catanzaro e Crotone\"},\"image\":{\"@id\":\"https:\\\/\\\/sabap-cz-kr.cultura.gov.it\\\/#\\\/schema\\\/logo\\\/image\\\/\"}}]}<\/script>\n<!-- \/ Yoast SEO plugin. -->","yoast_head_json":{"title":"Contatti - Soprintendenza ABAP per le province di Catanzaro e Crotone","robots":{"index":"index","follow":"follow","max-snippet":"max-snippet:-1","max-image-preview":"max-image-preview:large","max-video-preview":"max-video-preview:-1"},"canonical":"https:\/\/sabap-cz-kr.cultura.gov.it\/?page_id=288","og_locale":"it_IT","og_type":"article","og_title":"Contatti - Soprintendenza ABAP per le province di Catanzaro e Crotone","og_description":"Telefono: (+39) 0961\/794348 PEC: sabap-cz-kr@pec.cultura.","og_url":"https:\/\/sabap-cz-kr.cultura.gov.it\/?page_id=288","og_site_name":"Soprintendenza ABAP per le province di Catanzaro e Crotone","article_modified_time":"2024-07-09T13:33:30+00:00","twitter_card":"summary_large_image","twitter_misc":{"Tempo di lettura stimato":"1 minuto"},"schema":{"@context":"https:\/\/schema.org","@graph":[{"@type":"WebPage","@id":"https:\/\/sabap-cz-kr.cultura.gov.it\/?page_id=288","url":"https:\/\/sabap-cz-kr.cultura.gov.it\/?page_id=288","name":"Contatti - Soprintendenza ABAP per le province di Catanzaro e Crotone","isPartOf":{"@id":"https:\/\/sabap-cz-kr.cultura.gov.it\/#website"},"datePublished":"2022-02-16T18:32:28+00:00","dateModified":"2024-07-09T13:33:30+00:00","breadcrumb":{"@id":"https:\/\/sabap-cz-kr.cultura.gov.it\/?page_id=288#breadcrumb"},"inLanguage":"it-IT","potentialAction":[{"@type":"ReadAction","target":["https:\/\/sabap-cz-kr.cultura.gov.it\/?page_id=288"]}]},{"@type":"BreadcrumbList","@id":"https:\/\/sabap-cz-kr.cultura.gov.it\/?page_id=288#breadcrumb","itemListElement":[{"@type":"ListItem","position":1,"name":"Home","item":"https:\/\/sabap-cz-kr.cultura.gov.it\/"},{"@type":"ListItem","position":2,"name":"Contatti"}]},{"@type":"WebSite","@id":"https:\/\/sabap-cz-kr.cultura.gov.it\/#website","url":"https:\/\/sabap-cz-kr.cultura.gov.it\/","name":"Soprintendenza ABAP per le province di Catanzaro e Crotone","description":"","publisher":{"@id":"https:\/\/sabap-cz-kr.cultura.gov.it\/#organization"},"potentialAction":[{"@type":"SearchAction","target":{"@type":"EntryPoint","urlTemplate":"https:\/\/sabap-cz-kr.cultura.gov.it\/?s={search_term_string}"},"query-input":{"@type":"PropertyValueSpecification","valueRequired":true,"valueName":"search_term_string"}}],"inLanguage":"it-IT"},{"@type":"Organization","@id":"https:\/\/sabap-cz-kr.cultura.gov.it\/#organization","name":"Soprintendenza ABAP per le province di Catanzaro e Crotone","url":"https:\/\/sabap-cz-kr.cultura.gov.it\/","logo":{"@type":"ImageObject","inLanguage":"it-IT","@id":"https:\/\/sabap-cz-kr.cultura.gov.it\/#\/schema\/logo\/image\/","url":"https:\/\/sabap-cz-kr.cultura.gov.it\/wp-content\/uploads\/2024\/05\/logo_mic.png","contentUrl":"https:\/\/sabap-cz-kr.cultura.gov.it\/wp-content\/uploads\/2024\/05\/logo_mic.png","width":1080,"height":1080,"caption":"Soprintendenza ABAP per le province di Catanzaro e Crotone"},"image":{"@id":"https:\/\/sabap-cz-kr.cultura.gov.it\/#\/schema\/logo\/image\/"}}]}},"_links":{"self":[{"href":"https:\/\/sabap-cz-kr.cultura.gov.it\/index.php?rest_route=\/wp\/v2\/pages\/288","targetHints":{"allow":["GET"]}}],"collection":[{"href":"https:\/\/sabap-cz-kr.cultura.gov.it\/index.php?rest_route=\/wp\/v2\/pages"}],"about":[{"href":"https:\/\/sabap-cz-kr.cultura.gov.it\/index.php?rest_route=\/wp\/v2\/types\/page"}],"author":[{"embeddable":true,"href":"https:\/\/sabap-cz-kr.cultura.gov.it\/index.php?rest_route=\/wp\/v2\/users\/2"}],"replies":[{"embeddable":true,"href":"https:\/\/sabap-cz-kr.cultura.gov.it\/index.php?rest_route=%2Fwp%2Fv2%2Fcomments&post=288"}],"version-history":[{"count":8,"href":"https:\/\/sabap-cz-kr.cultura.gov.it\/index.php?rest_route=\/wp\/v2\/pages\/288\/revisions"}],"predecessor-version":[{"id":1552,"href":"https:\/\/sabap-cz-kr.cultura.gov.it\/index.php?rest_route=\/wp\/v2\/pages\/288\/revisions\/1552"}],"wp:attachment":[{"href":"https:\/\/sabap-cz-kr.cultura.gov.it\/index.php?rest_route=%2Fwp%2Fv2%2Fmedia&parent=288"}],"wp:term":[{"taxonomy":"post_tag","embeddable":true,"href":"https:\/\/sabap-cz-kr.cultura.gov.it\/index.php?rest_route=%2Fwp%2Fv2%2Ftags&post=288"}],"curies":[{"name":"wp","href":"https:\/\/api.w.org\/{rel}","templated":true}]}}